{"id":50,"date":"2022-07-16T22:12:55","date_gmt":"2022-07-16T20:12:55","guid":{"rendered":"http:\/\/pibborski.pl\/?page_id=50"},"modified":"2022-07-16T22:35:02","modified_gmt":"2022-07-16T20:35:02","slug":"kontakt","status":"publish","type":"page","link":"http:\/\/pibborski.pl\/?page_id=50","title":{"rendered":"Dane kontaktowe"},"content":{"rendered":"\t\t<div data-elementor-type=\"wp-page\" data-elementor-id=\"50\" class=\"elementor elementor-50\">\n\t\t\t\t\t\t\t\t\t<section class=\"elementor-section elementor-top-section elementor-element elementor-element-41b0e563 elementor-section-boxed elementor-section-height-default elementor-section-height-default\" data-id=\"41b0e563\" data-element_type=\"section\">\n\t\t\t\t\t\t<div class=\"elementor-container elementor-column-gap-default\">\n\t\t\t\t\t<div class=\"elementor-column elementor-col-100 elementor-top-column elementor-element elementor-element-76c8fb01\" data-id=\"76c8fb01\" data-element_type=\"column\">\n\t\t\t<div class=\"elementor-widget-wrap elementor-element-populated\">\n\t\t\t\t\t\t\t\t<div class=\"elementor-element elementor-element-1f689894 elementor-widget elementor-widget-text-editor\" data-id=\"1f689894\" data-element_type=\"widget\" data-widget_type=\"text-editor.default\">\n\t\t\t\t<div class=\"elementor-widget-container\">\n\t\t\t<style>\/*! elementor - v3.6.7 - 03-07-2022 *\/\n.elementor-widget-text-editor.elementor-drop-cap-view-stacked .elementor-drop-cap{background-color:#818a91;color:#fff}.elementor-widget-text-editor.elementor-drop-cap-view-framed .elementor-drop-cap{color:#818a91;border:3px solid;background-color:transparent}.elementor-widget-text-editor:not(.elementor-drop-cap-view-default) .elementor-drop-cap{margin-top:8px}.elementor-widget-text-editor:not(.elementor-drop-cap-view-default) .elementor-drop-cap-letter{width:1em;height:1em}.elementor-widget-text-editor .elementor-drop-cap{float:left;text-align:center;line-height:1;font-size:50px}.elementor-widget-text-editor .elementor-drop-cap-letter{display:inline-block}<\/style>\t\t\t\t<div class=\"art-content-layout layout-item-0\"><div class=\"art-content-layout-row\"><div class=\"art-layout-cell layout-item-1\" style=\"width: 100%;\"><p><span style=\"font-family: Arial;\"><span style=\"color: #857300; font-size: 24px; font-weight: bold; line-height: 28px;\">Adres siedziby:<\/span><br \/><\/span><\/p><p><span style=\"font-family: Arial;\"><span style=\"font-weight: bold;\">Przedsi\u0119biorstwo Instalacyjno-Budowlane<\/span><\/span><\/p><p><span style=\"font-family: Arial; font-weight: bold;\">BORSKI Sp\u00f3\u0142ka z ograniczon\u0105 odpowiedzialno\u015bci\u0105<\/span><\/p><p><span style=\"font-weight: bold; font-family: Arial;\">81-572 Gdynia, ul. G\u00f3rnicza 3<\/span><\/p><p><span style=\"font-family: Arial;\">tel: \u00a0 \u00a0 \u00a0 \u00a0<span style=\"color: #0622f4;\">+ 48\u00a058 <span style=\"color: #0011fa;\">629<\/span> 17 90<\/span><\/span><\/p><p><span style=\"font-family: Arial;\">em@il: \u00a0\u00a0<span style=\"color: #0f0fd2;\">biuro@pibborski.pl<\/span>\u00a0<\/span><\/p><p><span style=\"font-family: Arial;\">www: \u00a0 \u00a0 \u00a0<a href=\"http:\/\/www.pibborski.pl\"><span style=\"color: #1800b8;\"><span style=\"color: #0011fa;\">http:\/\/www.pibborski.p<\/span>l<\/span><\/a><\/span><\/p><p><span style=\"font-family: Arial;\">NIP: 5862380606, \u00a0REGON: 522040432, KRS:\u00a00000972091.<\/span><span style=\"font-family: Arial;\"><br \/><\/span><\/p><p><a class=\"art-button\" href=\"http:\/\/pibborski.pl\/\">Powr\u00f3t<\/a>\u00a0<span style=\"font-family: Arial;\"><br \/><\/span><\/p><\/div><\/div><\/div>\t\t\t\t\t\t<\/div>\n\t\t\t\t<\/div>\n\t\t\t\t\t<\/div>\n\t\t<\/div>\n\t\t\t\t\t\t\t<\/div>\n\t\t<\/section>\n\t\t\t\t\t\t\t<\/div>\n\t\t","protected":false},"excerpt":{"rendered":"<p>Adres siedziby: Przedsi\u0119biorstwo Instalacyjno-Budowlane BORSKI Sp\u00f3\u0142ka z ograniczon\u0105 odpowiedzialno\u015bci\u0105 81-572 Gdynia, ul. G\u00f3rnicza 3 tel: \u00a0 \u00a0 \u00a0 \u00a0+ 48\u00a058 629 17 90 em@il: \u00a0\u00a0biuro@pibborski.pl\u00a0 www: \u00a0 \u00a0 \u00a0http:\/\/www.pibborski.pl NIP: 5862380606, \u00a0REGON: 522040432, KRS:\u00a00000972091. Powr\u00f3t\u00a0<\/p>\n","protected":false},"author":1,"featured_media":0,"parent":0,"menu_order":7,"comment_status":"closed","ping_status":"closed","template":"","meta":[],"yoast_head":"<!-- This site is optimized with the Yoast SEO plugin v19.3 - https:\/\/yoast.com\/wordpress\/plugins\/seo\/ -->\n<title>Dane kontaktowe -<\/title>\n<meta name=\"robots\" content=\"index, follow, max-snippet:-1, max-image-preview:large, max-video-preview:-1\" \/>\n<link rel=\"canonical\" href=\"http:\/\/pibborski.pl\/?page_id=50\" \/>\n<meta property=\"og:locale\" content=\"en_US\" \/>\n<meta property=\"og:type\" content=\"article\" \/>\n<meta property=\"og:title\" content=\"Dane kontaktowe -\" \/>\n<meta property=\"og:description\" content=\"Adres siedziby: Przedsi\u0119biorstwo Instalacyjno-Budowlane BORSKI Sp\u00f3\u0142ka z ograniczon\u0105 odpowiedzialno\u015bci\u0105 81-572 Gdynia, ul. G\u00f3rnicza 3 tel: \u00a0 \u00a0 \u00a0 \u00a0+ 48\u00a058 629 17 90 em@il: \u00a0\u00a0biuro@pibborski.pl\u00a0 www: \u00a0 \u00a0 \u00a0http:\/\/www.pibborski.pl NIP: 5862380606, \u00a0REGON: 522040432, KRS:\u00a00000972091. Powr\u00f3t\u00a0\" \/>\n<meta property=\"og:url\" content=\"http:\/\/pibborski.pl\/?page_id=50\" \/>\n<meta property=\"article:modified_time\" content=\"2022-07-16T20:35:02+00:00\" \/>\n<meta name=\"twitter:card\" content=\"summary_large_image\" \/>\n<meta name=\"twitter:label1\" content=\"Est. reading time\" \/>\n\t<meta name=\"twitter:data1\" content=\"1 minute\" \/>\n<script type=\"application\/ld+json\" class=\"yoast-schema-graph\">{\"@context\":\"https:\/\/schema.org\",\"@graph\":[{\"@type\":\"WebSite\",\"@id\":\"http:\/\/pibborski.pl\/#website\",\"url\":\"http:\/\/pibborski.pl\/\",\"name\":\"\",\"description\":\"\",\"potentialAction\":[{\"@type\":\"SearchAction\",\"target\":{\"@type\":\"EntryPoint\",\"urlTemplate\":\"http:\/\/pibborski.pl\/?s={search_term_string}\"},\"query-input\":\"required name=search_term_string\"}],\"inLanguage\":\"en-US\"},{\"@type\":\"WebPage\",\"@id\":\"http:\/\/pibborski.pl\/?page_id=50\",\"url\":\"http:\/\/pibborski.pl\/?page_id=50\",\"name\":\"Dane kontaktowe -\",\"isPartOf\":{\"@id\":\"http:\/\/pibborski.pl\/#website\"},\"datePublished\":\"2022-07-16T20:12:55+00:00\",\"dateModified\":\"2022-07-16T20:35:02+00:00\",\"breadcrumb\":{\"@id\":\"http:\/\/pibborski.pl\/?page_id=50#breadcrumb\"},\"inLanguage\":\"en-US\",\"potentialAction\":[{\"@type\":\"ReadAction\",\"target\":[\"http:\/\/pibborski.pl\/?page_id=50\"]}]},{\"@type\":\"BreadcrumbList\",\"@id\":\"http:\/\/pibborski.pl\/?page_id=50#breadcrumb\",\"itemListElement\":[{\"@type\":\"ListItem\",\"position\":1,\"name\":\"Home\",\"item\":\"http:\/\/pibborski.pl\/\"},{\"@type\":\"ListItem\",\"position\":2,\"name\":\"Dane kontaktowe\"}]}]}<\/script>\n<!-- \/ Yoast SEO plugin. -->","yoast_head_json":{"title":"Dane kontaktowe -","robots":{"index":"index","follow":"follow","max-snippet":"max-snippet:-1","max-image-preview":"max-image-preview:large","max-video-preview":"max-video-preview:-1"},"canonical":"http:\/\/pibborski.pl\/?page_id=50","og_locale":"en_US","og_type":"article","og_title":"Dane kontaktowe -","og_description":"Adres siedziby: Przedsi\u0119biorstwo Instalacyjno-Budowlane BORSKI Sp\u00f3\u0142ka z ograniczon\u0105 odpowiedzialno\u015bci\u0105 81-572 Gdynia, ul. G\u00f3rnicza 3 tel: \u00a0 \u00a0 \u00a0 \u00a0+ 48\u00a058 629 17 90 em@il: \u00a0\u00a0biuro@pibborski.pl\u00a0 www: \u00a0 \u00a0 \u00a0http:\/\/www.pibborski.pl NIP: 5862380606, \u00a0REGON: 522040432, KRS:\u00a00000972091. Powr\u00f3t\u00a0","og_url":"http:\/\/pibborski.pl\/?page_id=50","article_modified_time":"2022-07-16T20:35:02+00:00","twitter_card":"summary_large_image","twitter_misc":{"Est. reading time":"1 minute"},"schema":{"@context":"https:\/\/schema.org","@graph":[{"@type":"WebSite","@id":"http:\/\/pibborski.pl\/#website","url":"http:\/\/pibborski.pl\/","name":"","description":"","potentialAction":[{"@type":"SearchAction","target":{"@type":"EntryPoint","urlTemplate":"http:\/\/pibborski.pl\/?s={search_term_string}"},"query-input":"required name=search_term_string"}],"inLanguage":"en-US"},{"@type":"WebPage","@id":"http:\/\/pibborski.pl\/?page_id=50","url":"http:\/\/pibborski.pl\/?page_id=50","name":"Dane kontaktowe -","isPartOf":{"@id":"http:\/\/pibborski.pl\/#website"},"datePublished":"2022-07-16T20:12:55+00:00","dateModified":"2022-07-16T20:35:02+00:00","breadcrumb":{"@id":"http:\/\/pibborski.pl\/?page_id=50#breadcrumb"},"inLanguage":"en-US","potentialAction":[{"@type":"ReadAction","target":["http:\/\/pibborski.pl\/?page_id=50"]}]},{"@type":"BreadcrumbList","@id":"http:\/\/pibborski.pl\/?page_id=50#breadcrumb","itemListElement":[{"@type":"ListItem","position":1,"name":"Home","item":"http:\/\/pibborski.pl\/"},{"@type":"ListItem","position":2,"name":"Dane kontaktowe"}]}]}},"_links":{"self":[{"href":"http:\/\/pibborski.pl\/index.php?rest_route=\/wp\/v2\/pages\/50"}],"collection":[{"href":"http:\/\/pibborski.pl\/index.php?rest_route=\/wp\/v2\/pages"}],"about":[{"href":"http:\/\/pibborski.pl\/index.php?rest_route=\/wp\/v2\/types\/page"}],"author":[{"embeddable":true,"href":"http:\/\/pibborski.pl\/index.php?rest_route=\/wp\/v2\/users\/1"}],"replies":[{"embeddable":true,"href":"http:\/\/pibborski.pl\/index.php?rest_route=%2Fwp%2Fv2%2Fcomments&post=50"}],"version-history":[{"count":4,"href":"http:\/\/pibborski.pl\/index.php?rest_route=\/wp\/v2\/pages\/50\/revisions"}],"predecessor-version":[{"id":75,"href":"http:\/\/pibborski.pl\/index.php?rest_route=\/wp\/v2\/pages\/50\/revisions\/75"}],"wp:attachment":[{"href":"http:\/\/pibborski.pl\/index.php?rest_route=%2Fwp%2Fv2%2Fmedia&parent=50"}],"curies":[{"name":"wp","href":"https:\/\/api.w.org\/{rel}","templated":true}]}}