{"id":44,"date":"2022-07-16T22:12:49","date_gmt":"2022-07-16T20:12:49","guid":{"rendered":"http:\/\/pibborski.pl\/?page_id=44"},"modified":"2022-07-16T22:28:16","modified_gmt":"2022-07-16T20:28:16","slug":"strona_glowna","status":"publish","type":"page","link":"http:\/\/pibborski.pl\/","title":{"rendered":"Home"},"content":{"rendered":"\t\t<div data-elementor-type=\"wp-page\" data-elementor-id=\"44\" class=\"elementor elementor-44\">\n\t\t\t\t\t\t\t\t\t<section class=\"elementor-section elementor-top-section elementor-element elementor-element-47247830 elementor-section-boxed elementor-section-height-default elementor-section-height-default\" data-id=\"47247830\" data-element_type=\"section\">\n\t\t\t\t\t\t<div class=\"elementor-container elementor-column-gap-default\">\n\t\t\t\t\t<div class=\"elementor-column elementor-col-100 elementor-top-column elementor-element elementor-element-76c8659c\" data-id=\"76c8659c\" data-element_type=\"column\">\n\t\t\t<div class=\"elementor-widget-wrap elementor-element-populated\">\n\t\t\t\t\t\t\t\t<div class=\"elementor-element elementor-element-5ec52995 elementor-widget elementor-widget-text-editor\" data-id=\"5ec52995\" data-element_type=\"widget\" data-widget_type=\"text-editor.default\">\n\t\t\t\t<div class=\"elementor-widget-container\">\n\t\t\t<style>\/*! elementor - v3.6.7 - 03-07-2022 *\/\n.elementor-widget-text-editor.elementor-drop-cap-view-stacked .elementor-drop-cap{background-color:#818a91;color:#fff}.elementor-widget-text-editor.elementor-drop-cap-view-framed .elementor-drop-cap{color:#818a91;border:3px solid;background-color:transparent}.elementor-widget-text-editor:not(.elementor-drop-cap-view-default) .elementor-drop-cap{margin-top:8px}.elementor-widget-text-editor:not(.elementor-drop-cap-view-default) .elementor-drop-cap-letter{width:1em;height:1em}.elementor-widget-text-editor .elementor-drop-cap{float:left;text-align:center;line-height:1;font-size:50px}.elementor-widget-text-editor .elementor-drop-cap-letter{display:inline-block}<\/style>\t\t\t\t<div class=\"art-content-layout-wrapper layout-item-0\"><div class=\"art-content-layout layout-item-1\"><div class=\"art-content-layout-row\"><div class=\"art-layout-cell layout-item-2\" style=\"width: 33%;\"><h1><span style=\"font-size: 26px; font-family: 'Arial Unicode MS';\">O firmie<\/span><\/h1><p style=\"text-align: justify;\"><span style=\"color: #000000; font-family: Arial;\">Przedsi\u0119biorstwo Instalacyjno Budowlane BORSKI Stanis\u0142aw Borski powsta\u0142o na skutek pojawiaj\u0105cej si\u0119 potrzeby realizacji zlece\u0144 projektowo instalacyjnych bran\u017cy gazowniczej, wodoci\u0105gowej i grzewczej.\u00a0<\/span><\/p><p style=\"text-align: justify;\"><span style=\"color: #000000; font-family: Arial;\">W chwili powstania &#8230;.<\/span><\/p><p><a class=\"art-button\" style=\"font-weight: normal; font-family: Arial;\" href=\"http:\/\/pibborski.pl\/?page_id=47\" rel=\"noopener\">Wi\u0119cej&#8230;<\/a><\/p><\/div><div class=\"art-layout-cell layout-item-3\" style=\"width: 33%;\"><h1><span style=\"font-size: 26px; font-family: 'Arial Unicode MS';\">Zakres us\u0142ug<\/span><\/h1><p style=\"text-align: justify;\"><span style=\"color: #000000; font-family: Arial;\">Specjalistycza kadra pracownicza, \u00a0specjalistyczny sprz\u0119t budowlany pozwalaj\u0105 na realizacje us\u0142ug w du\u017cym zakresie rozpi\u0119to\u015bci. Od reaizacji postych projekt\u00f3w instalacji gazowych, wodoci\u0105gowo &#8211; kanalizacyjnych &#8230;<\/span><\/p><p style=\"text-align: justify;\"><span style=\"color: #000000; font-family: Arial;\">\u00a0<\/span><\/p><p><a class=\"art-button\" style=\"font-weight: normal; font-family: Arial;\" href=\"http:\/\/pibborski.pl\/?page_id=46\" rel=\"noopener\">Wi\u0119cej&#8230;<\/a><\/p><\/div><div class=\"art-layout-cell layout-item-4\" style=\"width: 34%;\"><h1><span style=\"font-size: 26px; font-family: 'Arial Unicode MS';\">Historia<\/span><\/h1><p style=\"text-align: justify;\"><span style=\"color: #000000;\"><span style=\"text-align: justify; font-family: Arial;\">Przedsi\u0119biorstwo Instalacyjno Budowlane BORSKI Stanis\u0142aw Borski powsta\u0142o w 1998 roku. Od samego pocz\u0105tku istnienia firma postawi\u0142a na \u00a0solidno\u015b\u0107 i \u00a0profesjonalizm. \u00a0Wsp\u00f3\u0142praca z najwi\u0119kszymi firmami z bran\u017cy \u00a0&#8230;\u00a0<\/span><\/span><\/p><p style=\"text-align: left;\"><span style=\"color: #000000;\"><span style=\"text-align: justify; font-family: Arial;\">\u00a0\u00a0<\/span><\/span><\/p><p><a class=\"art-button\" style=\"font-weight: normal; font-family: Arial;\" href=\"http:\/\/pibborski.pl\/?page_id=47\" rel=\"noopener\">Wi\u0119cej &#8230;<\/a><\/p><\/div><\/div><\/div><\/div><div class=\"art-content-layout-wrapper layout-item-5\"><div class=\"art-content-layout layout-item-6\"><div class=\"art-content-layout-row\"><div class=\"art-layout-cell layout-item-7\" style=\"width: 33%;\"><h1><span style=\"font-size: 26px; font-family: 'Arial Unicode MS';\">Realizacje<\/span><\/h1><p><span style=\"font-family: Arial;\"><span style=\"font-style: italic;\"><span style=\"font-size: 16px;\"><br \/>12\/2011<\/span><\/span><br \/>Przebudowa sieci cieplnej w ramach projektu Budowa linii tramwajowej Che\u0142m &#8211; Nowa \u0141\u00f3dzka &#8230;\u00a0<\/span><\/p><p><span style=\"font-style: italic;\"><span style=\"font-size: 16px;\">08\/2013<\/span><\/span><br \/>Przebudiowa sieci cieplnej wysokoparmetrowej w technologii rur preizolowanych&#8230;<\/p><p><span style=\"font-style: italic;\"><span style=\"font-size: 16px;\">11\/01\/2016<\/span><\/span><br \/>Przebudowa sieci gazowej i ciep\u0142owniczej w inwestycji przebudowa ul;icy \u015bw. Miko\u0142aja&#8230;<\/p><p><span style=\"font-size: 14px;\"><span style=\"font-family: Arial;\"><br \/>\u00a0<a class=\"art-button\" style=\"font-weight: normal;\" href=\"http:\/\/pibborski.pl\/?page_id=48\" rel=\"noopener\">Wi\u0119cej&#8230;<\/a>\u00a0<\/span><br \/><\/span><\/p><\/div><div class=\"art-layout-cell layout-item-8\" style=\"width: 33%;\"><h1><img decoding=\"async\" loading=\"lazy\" class=\"art-lightbox\" style=\"float: left; margin: 0px;\" src=\"http:\/\/pibborski.pl\/wp-content\/uploads\/2022\/07\/tmpCD64.png\" alt=\"\" width=\"280\" height=\"383\" \/><span style=\"color: #262626; font-size: 16px; font-style: italic;\"><br \/><\/span><\/h1><\/div><div class=\"art-layout-cell layout-item-9\" style=\"width: 34%;\"><h1><span style=\"font-size: 26px; font-family: 'Arial Unicode MS';\">Wydarzenia<\/span><\/h1><p><span style=\"font-family: 'Arial Unicode MS';\">Uroczysto\u015bci z okazji 30 lecia powstania PIB BORSKI&#8230;<\/span><\/p><p><span style=\"font-family: 'Arial Unicode MS';\">\u00a0<\/span><\/p><p><span style=\"font-family: 'Arial Unicode MS';\">\u00a0<\/span><\/p><p><span style=\"font-family: 'Arial Unicode MS';\">wkr\u00f3tce&#8230;<\/span><\/p><p><span style=\"font-family: 'Arial Unicode MS';\">\u00a0<\/span><\/p><p><span style=\"font-family: 'Arial Unicode MS';\">\u00a0<\/span><\/p><p><span style=\"font-family: 'Arial Unicode MS';\">\u00a0<\/span><\/p><p><span style=\"font-family: 'Arial Unicode MS';\">\u00a0<\/span><\/p><p><a class=\"art-button\" style=\"font-weight: normal; font-family: 'Arial Unicode MS';\" href=\"http:\/\/pibborski.pl\/?page_id=49\" rel=\"noopener\">Wi\u0119cej&#8230;<\/a><\/p><\/div><\/div><\/div><\/div>\t\t\t\t\t\t<\/div>\n\t\t\t\t<\/div>\n\t\t\t\t\t<\/div>\n\t\t<\/div>\n\t\t\t\t\t\t\t<\/div>\n\t\t<\/section>\n\t\t\t\t\t\t\t<\/div>\n\t\t","protected":false},"excerpt":{"rendered":"<p>O firmie Przedsi\u0119biorstwo Instalacyjno Budowlane BORSKI Stanis\u0142aw Borski powsta\u0142o na skutek pojawiaj\u0105cej si\u0119 potrzeby realizacji zlece\u0144 projektowo instalacyjnych bran\u017cy gazowniczej, wodoci\u0105gowej i grzewczej.\u00a0 W chwili powstania &#8230;. Wi\u0119cej&#8230; Zakres us\u0142ug Specjalistycza kadra pracownicza, \u00a0specjalistyczny sprz\u0119t budowlany pozwalaj\u0105 na realizacje us\u0142ug w du\u017cym zakresie rozpi\u0119to\u015bci. Od reaizacji postych projekt\u00f3w instalacji gazowych, wodoci\u0105gowo &#8211; kanalizacyjnych &#8230; \u00a0 [&hellip;]<\/p>\n","protected":false},"author":1,"featured_media":0,"parent":0,"menu_order":1,"comment_status":"closed","ping_status":"closed","template":"","meta":[],"yoast_head":"<!-- This site is optimized with the Yoast SEO plugin v19.3 - https:\/\/yoast.com\/wordpress\/plugins\/seo\/ -->\n<title>Home -<\/title>\n<meta name=\"robots\" content=\"index, follow, max-snippet:-1, max-image-preview:large, max-video-preview:-1\" \/>\n<link rel=\"canonical\" href=\"http:\/\/pibborski.pl\/\" \/>\n<meta property=\"og:locale\" content=\"en_US\" \/>\n<meta property=\"og:type\" content=\"article\" \/>\n<meta property=\"og:title\" content=\"Home -\" \/>\n<meta property=\"og:description\" content=\"O firmie Przedsi\u0119biorstwo Instalacyjno Budowlane BORSKI Stanis\u0142aw Borski powsta\u0142o na skutek pojawiaj\u0105cej si\u0119 potrzeby realizacji zlece\u0144 projektowo instalacyjnych bran\u017cy gazowniczej, wodoci\u0105gowej i grzewczej.\u00a0 W chwili powstania &#8230;. Wi\u0119cej&#8230; Zakres us\u0142ug Specjalistycza kadra pracownicza, \u00a0specjalistyczny sprz\u0119t budowlany pozwalaj\u0105 na realizacje us\u0142ug w du\u017cym zakresie rozpi\u0119to\u015bci. Od reaizacji postych projekt\u00f3w instalacji gazowych, wodoci\u0105gowo &#8211; kanalizacyjnych &#8230; \u00a0 [&hellip;]\" \/>\n<meta property=\"og:url\" content=\"http:\/\/pibborski.pl\/\" \/>\n<meta property=\"article:modified_time\" content=\"2022-07-16T20:28:16+00:00\" \/>\n<meta property=\"og:image\" content=\"http:\/\/pibborski.pl\/wp-content\/uploads\/2022\/07\/tmpCD64.png\" \/>\n<meta name=\"twitter:card\" content=\"summary_large_image\" \/>\n<meta name=\"twitter:label1\" content=\"Est. reading time\" \/>\n\t<meta name=\"twitter:data1\" content=\"1 minute\" \/>\n<script type=\"application\/ld+json\" class=\"yoast-schema-graph\">{\"@context\":\"https:\/\/schema.org\",\"@graph\":[{\"@type\":\"WebSite\",\"@id\":\"http:\/\/pibborski.pl\/#website\",\"url\":\"http:\/\/pibborski.pl\/\",\"name\":\"\",\"description\":\"\",\"potentialAction\":[{\"@type\":\"SearchAction\",\"target\":{\"@type\":\"EntryPoint\",\"urlTemplate\":\"http:\/\/pibborski.pl\/?s={search_term_string}\"},\"query-input\":\"required name=search_term_string\"}],\"inLanguage\":\"en-US\"},{\"@type\":\"ImageObject\",\"inLanguage\":\"en-US\",\"@id\":\"http:\/\/pibborski.pl\/#primaryimage\",\"url\":\"http:\/\/pibborski.pl\/wp-content\/uploads\/2022\/07\/tmpCD64.png\",\"contentUrl\":\"http:\/\/pibborski.pl\/wp-content\/uploads\/2022\/07\/tmpCD64.png\",\"width\":280,\"height\":383},{\"@type\":\"WebPage\",\"@id\":\"http:\/\/pibborski.pl\/\",\"url\":\"http:\/\/pibborski.pl\/\",\"name\":\"Home -\",\"isPartOf\":{\"@id\":\"http:\/\/pibborski.pl\/#website\"},\"primaryImageOfPage\":{\"@id\":\"http:\/\/pibborski.pl\/#primaryimage\"},\"datePublished\":\"2022-07-16T20:12:49+00:00\",\"dateModified\":\"2022-07-16T20:28:16+00:00\",\"breadcrumb\":{\"@id\":\"http:\/\/pibborski.pl\/#breadcrumb\"},\"inLanguage\":\"en-US\",\"potentialAction\":[{\"@type\":\"ReadAction\",\"target\":[\"http:\/\/pibborski.pl\/\"]}]},{\"@type\":\"BreadcrumbList\",\"@id\":\"http:\/\/pibborski.pl\/#breadcrumb\",\"itemListElement\":[{\"@type\":\"ListItem\",\"position\":1,\"name\":\"Home\",\"item\":\"http:\/\/pibborski.pl\/\"},{\"@type\":\"ListItem\",\"position\":2,\"name\":\"Home\"}]}]}<\/script>\n<!-- \/ Yoast SEO plugin. -->","yoast_head_json":{"title":"Home -","robots":{"index":"index","follow":"follow","max-snippet":"max-snippet:-1","max-image-preview":"max-image-preview:large","max-video-preview":"max-video-preview:-1"},"canonical":"http:\/\/pibborski.pl\/","og_locale":"en_US","og_type":"article","og_title":"Home -","og_description":"O firmie Przedsi\u0119biorstwo Instalacyjno Budowlane BORSKI Stanis\u0142aw Borski powsta\u0142o na skutek pojawiaj\u0105cej si\u0119 potrzeby realizacji zlece\u0144 projektowo instalacyjnych bran\u017cy gazowniczej, wodoci\u0105gowej i grzewczej.\u00a0 W chwili powstania &#8230;. Wi\u0119cej&#8230; Zakres us\u0142ug Specjalistycza kadra pracownicza, \u00a0specjalistyczny sprz\u0119t budowlany pozwalaj\u0105 na realizacje us\u0142ug w du\u017cym zakresie rozpi\u0119to\u015bci. Od reaizacji postych projekt\u00f3w instalacji gazowych, wodoci\u0105gowo &#8211; kanalizacyjnych &#8230; \u00a0 [&hellip;]","og_url":"http:\/\/pibborski.pl\/","article_modified_time":"2022-07-16T20:28:16+00:00","og_image":[{"url":"http:\/\/pibborski.pl\/wp-content\/uploads\/2022\/07\/tmpCD64.png"}],"twitter_card":"summary_large_image","twitter_misc":{"Est. reading time":"1 minute"},"schema":{"@context":"https:\/\/schema.org","@graph":[{"@type":"WebSite","@id":"http:\/\/pibborski.pl\/#website","url":"http:\/\/pibborski.pl\/","name":"","description":"","potentialAction":[{"@type":"SearchAction","target":{"@type":"EntryPoint","urlTemplate":"http:\/\/pibborski.pl\/?s={search_term_string}"},"query-input":"required name=search_term_string"}],"inLanguage":"en-US"},{"@type":"ImageObject","inLanguage":"en-US","@id":"http:\/\/pibborski.pl\/#primaryimage","url":"http:\/\/pibborski.pl\/wp-content\/uploads\/2022\/07\/tmpCD64.png","contentUrl":"http:\/\/pibborski.pl\/wp-content\/uploads\/2022\/07\/tmpCD64.png","width":280,"height":383},{"@type":"WebPage","@id":"http:\/\/pibborski.pl\/","url":"http:\/\/pibborski.pl\/","name":"Home -","isPartOf":{"@id":"http:\/\/pibborski.pl\/#website"},"primaryImageOfPage":{"@id":"http:\/\/pibborski.pl\/#primaryimage"},"datePublished":"2022-07-16T20:12:49+00:00","dateModified":"2022-07-16T20:28:16+00:00","breadcrumb":{"@id":"http:\/\/pibborski.pl\/#breadcrumb"},"inLanguage":"en-US","potentialAction":[{"@type":"ReadAction","target":["http:\/\/pibborski.pl\/"]}]},{"@type":"BreadcrumbList","@id":"http:\/\/pibborski.pl\/#breadcrumb","itemListElement":[{"@type":"ListItem","position":1,"name":"Home","item":"http:\/\/pibborski.pl\/"},{"@type":"ListItem","position":2,"name":"Home"}]}]}},"_links":{"self":[{"href":"http:\/\/pibborski.pl\/index.php?rest_route=\/wp\/v2\/pages\/44"}],"collection":[{"href":"http:\/\/pibborski.pl\/index.php?rest_route=\/wp\/v2\/pages"}],"about":[{"href":"http:\/\/pibborski.pl\/index.php?rest_route=\/wp\/v2\/types\/page"}],"author":[{"embeddable":true,"href":"http:\/\/pibborski.pl\/index.php?rest_route=\/wp\/v2\/users\/1"}],"replies":[{"embeddable":true,"href":"http:\/\/pibborski.pl\/index.php?rest_route=%2Fwp%2Fv2%2Fcomments&post=44"}],"version-history":[{"count":6,"href":"http:\/\/pibborski.pl\/index.php?rest_route=\/wp\/v2\/pages\/44\/revisions"}],"predecessor-version":[{"id":71,"href":"http:\/\/pibborski.pl\/index.php?rest_route=\/wp\/v2\/pages\/44\/revisions\/71"}],"wp:attachment":[{"href":"http:\/\/pibborski.pl\/index.php?rest_route=%2Fwp%2Fv2%2Fmedia&parent=44"}],"curies":[{"name":"wp","href":"https:\/\/api.w.org\/{rel}","templated":true}]}}